{"id":14796,"date":"2013-09-06T15:19:20","date_gmt":"2013-09-06T13:19:20","guid":{"rendered":"https:\/\/www.saf-allestimenti.com\/contatti\/"},"modified":"2024-09-21T10:29:06","modified_gmt":"2024-09-21T08:29:06","slug":"contacts","status":"publish","type":"page","link":"https:\/\/www.saf-allestimenti.com\/fr\/contacts\/","title":{"rendered":"Contacts"},"content":{"rendered":"<section class=\"l-section wpb_row us_custom_406b5f0d us_animate_this height_auto width_full color_alternate\"><div class=\"l-section-h i-cf\"><div class=\"g-cols vc_row via_flex valign_top type_default stacking_default\"><div class=\"vc_col-sm-12 wpb_column vc_column_container\"><div class=\"vc_column-inner\"><div class=\"wpb_wrapper\"><div class=\"wpb_text_column\"><div class=\"wpb_wrapper\"><p><iframe loading=\"lazy\" style=\"border: 0;\" src=\"https:\/\/www.google.com\/maps\/embed?pb=!1m14!1m8!1m3!1d3026436.901386529!2d11.335104371048313!3d42.20365484615667!3m2!1i1024!2i768!4f13.1!3m3!1m2!1s0x1330fdb99b0833d1%3A0x770d5b27f51c775b!2sSaf%20Allestimenti%20Srl!5e0!3m2!1sit!2sit!4v1722243808958!5m2!1sit!2sit\" width=\"100%\" height=\"460\" allowfullscreen=\"allowfullscreen\"><\/iframe><\/p>\n<\/div><\/div><\/div><\/div><\/div><\/div><\/div><\/section><section class=\"l-section wpb_row height_medium\"><div class=\"l-section-overlay\" style=\"background:#000000\"><\/div><div class=\"l-section-h i-cf\"><div class=\"g-cols vc_row via_flex valign_top type_default stacking_default\" style=\"--additional-gap:10px;\"><div class=\"vc_col-sm-6 wpb_column vc_column_container\"><div class=\"vc_column-inner\"><div class=\"wpb_wrapper\"><div class=\"w-separator size_custom\" style=\"height:30px\"><\/div><div class=\"wpb_text_column us_custom_305e1ed9 has_text_color\"><div class=\"wpb_wrapper\"><p>SAF ALLESTIMENTI S.R.L.<\/p>\n<\/div><\/div><div class=\"w-separator size_medium\"><\/div><div class=\"w-iconbox us_custom_1e0e9307 iconpos_left style_circle color_secondary align_left no_text\"><a href=\"mailto:info@saf-allestimenti.com\" class=\"w-iconbox-link\" aria-label=\"info@saf-allestimenti.com\"><div class=\"w-iconbox-icon\" style=\"font-size:22px;\"><i class=\"fad fa-envelope\"><\/i><\/div><\/a><div class=\"w-iconbox-meta\"><p class=\"w-iconbox-title\"><a href=\"mailto:info@saf-allestimenti.com\" class=\"w-iconbox-link\" aria-label=\"info@saf-allestimenti.com\">info@saf-allestimenti.com<\/a><\/p><\/div><\/div><div class=\"w-separator size_medium\"><\/div><div class=\"w-iconbox us_custom_1e0e9307 iconpos_left style_circle color_secondary align_left\"><a href=\"tel:+390872712096\" class=\"w-iconbox-link\" aria-label=\"Horaires de bureau\"><div class=\"w-iconbox-icon\" style=\"font-size:22px;\"><i class=\"fad fa-clock\"><\/i><\/div><\/a><div class=\"w-iconbox-meta\"><p class=\"w-iconbox-title\"><a href=\"tel:+390872712096\" class=\"w-iconbox-link\" aria-label=\"Horaires de bureau\">Horaires de bureau<\/a><\/p><div class=\"w-iconbox-text\"><p>Lundi \/ Vendredi : 8h30 \/ 12h30 &#8211; 14h30 \/ 18h30<br \/>\nSamedi \/ Dimanche : ferm\u00e9<\/p>\n<\/div><\/div><\/div><div class=\"w-separator size_small\"><\/div><div class=\"w-iconbox us_custom_1e0e9307 iconpos_left style_circle color_secondary align_left no_text\"><a href=\"tel:+390872717492\" class=\"w-iconbox-link\" aria-label=\"Bureaux +39 0872 717492\"><div class=\"w-iconbox-icon\" style=\"font-size:22px;\"><i class=\"fad fa-phone\"><\/i><\/div><\/a><div class=\"w-iconbox-meta\"><p class=\"w-iconbox-title\"><a href=\"tel:+390872717492\" class=\"w-iconbox-link\" aria-label=\"Bureaux +39 0872 717492\">Bureaux +39 0872 717492<\/a><\/p><\/div><\/div><div class=\"w-separator size_medium\"><\/div><div class=\"w-iconbox us_custom_1e0e9307 iconpos_left style_circle color_secondary align_left no_text\"><a target=\"_blank\" rel=\"nofollow\" href=\"https:\/\/goo.gl\/maps\/r5naMZ2ukcxZGUXBA\" class=\"w-iconbox-link\" aria-label=\"Via Mario Spoltore, 11 \u2013 66034 \u2013 Lanciano (CH)\"><div class=\"w-iconbox-icon\" style=\"font-size:22px;\"><i class=\"fad fa-map-marker-alt\"><\/i><\/div><\/a><div class=\"w-iconbox-meta\"><p class=\"w-iconbox-title\"><a target=\"_blank\" rel=\"nofollow\" href=\"https:\/\/goo.gl\/maps\/r5naMZ2ukcxZGUXBA\" class=\"w-iconbox-link\" aria-label=\"Via Mario Spoltore, 11 \u2013 66034 \u2013 Lanciano (CH)\">Via Mario Spoltore, 11 \u2013 66034 \u2013 Lanciano (CH)<\/a><\/p><\/div><\/div><div class=\"w-separator size_medium\"><\/div><div class=\"w-iconbox us_custom_1e0e9307 iconpos_left style_circle color_secondary align_left no_text\"><div class=\"w-iconbox-icon\" style=\"font-size:22px;\"><i class=\"fad fa-address-card\"><\/i><\/div><div class=\"w-iconbox-meta\"><p class=\"w-iconbox-title\">Num\u00e9ro de TVA IT01826230698<\/p><\/div><\/div><div class=\"w-separator size_large\"><\/div><div class=\"w-btn-wrapper align_none\"><a class=\"w-btn us-btn-style_25\" href=\"\/fr\/travailler-avec-nous\/\"><span class=\"w-btn-label\">TRAVAILLER AVEC NOUS<\/span><\/a><\/div><\/div><\/div><\/div><div class=\"vc_col-sm-6 wpb_column vc_column_container\"><div class=\"vc_column-inner us_custom_b1a23276\"><div class=\"vc_column-overlay\" style=\"background:#333333\"><\/div><div class=\"wpb_wrapper\"><div class=\"wpb_text_column us_custom_305e1ed9 has_text_color\"><div class=\"wpb_wrapper\"><p>FORMULAIRE DE DEMANDE D&rsquo;INFORMATIONS<\/p>\n<\/div><\/div><div class=\"w-separator size_small\"><\/div><form class=\"w-form  us-field-style_1 layout_ver show_message_after_sending for_cform us_form_1\" action=\"https:\/\/www.saf-allestimenti.com\/fr\/wp-json\/wp\/v2\/pages\/14796\" method=\"post\"><div class=\"w-form-h\"><div class=\"w-form-row for_text required with_icon\">\r\n\t\t<div class=\"w-form-row-field\">\r\n\t\t\t\t<i class=\"far fa-user\"><\/i>\t\t<input aria-label=\"Nom\" type=\"text\" name=\"us_form_1_text_1\" value placeholder=\"Nom *\" data-required=\"true\" aria-required=\"true\"\/>\r\n\t\t\t<\/div>\r\n\t\t<div class=\"w-form-row-state\">Vous devez remplir ce champ<\/div>\r\n<\/div>\r\n<div class=\"w-form-row for_text required with_icon\">\r\n\t\t<div class=\"w-form-row-field\">\r\n\t\t\t\t<i class=\"far fa-user\"><\/i>\t\t<input aria-label=\"Nom de famille\" type=\"text\" name=\"us_form_1_text_2\" value placeholder=\"Nom de famille *\" data-required=\"true\" aria-required=\"true\"\/>\r\n\t\t\t<\/div>\r\n\t\t<div class=\"w-form-row-state\">Vous devez remplir ce champ<\/div>\r\n<\/div>\r\n<div class=\"w-form-row for_text required with_icon\">\r\n\t\t<div class=\"w-form-row-field\">\r\n\t\t\t\t<i class=\"far fa-envelope\"><\/i>\t\t<input aria-label=\"Email\" type=\"text\" name=\"us_form_1_text_3\" value placeholder=\"Email *\" data-required=\"true\" aria-required=\"true\"\/>\r\n\t\t\t<\/div>\r\n\t\t<div class=\"w-form-row-state\">Vous devez remplir ce champ<\/div>\r\n<\/div>\r\n<div class=\"w-form-row for_text with_icon\">\r\n\t\t<div class=\"w-form-row-field\">\r\n\t\t\t\t<i class=\"far fa-building\"><\/i>\t\t<input aria-label=\"Entreprise\" type=\"text\" name=\"us_form_1_text_4\" value placeholder=\"Entreprise\"\/>\r\n\t\t\t<\/div>\r\n\t\t<div class=\"w-form-row-state\">Vous devez remplir ce champ<\/div>\r\n<\/div>\r\n<div class=\"w-form-row for_textarea required with_icon\">\r\n\t\t<div class=\"w-form-row-field\">\r\n\t\t\t\t<i class=\"far fa-pencil\"><\/i>\t\t<textarea aria-label=\"Message\" name=\"us_form_1_textarea_1\" placeholder=\"Message *\" data-required=\"true\" aria-required=\"true\"><\/textarea>\r\n\t\t\t<\/div>\r\n\t\t<div class=\"w-form-row-state\">Vous devez remplir ce champ<\/div>\r\n<\/div>\r\n<div class=\"w-form-row for_agreement required\">\r\n\t\t\t<div class=\"w-form-row-label\">\r\n\t\t\t<span>Le remplissage de ce formulaire implique la collecte et l'utilisation de vos donn\u00e9es, indispensables \u00e0 la fourniture du service demand\u00e9. Pour plus d'informations sur les modalit\u00e9s de collecte et de traitement, consultez nos informations sur la <a href=\"https:\/\/www.iubenda.com\/privacy-policy\/74389160\">Confidentialit\u00e9<\/a>. <span class=\"required\">*<\/span><\/span>\r\n\t\t<\/div>\r\n\t\t<div class=\"w-form-row-field\">\r\n\t\t\t\t<label>\r\n\t\t\t<input type=\"checkbox\" value=\"1\" data-required=\"true\" aria-required=\"true\" name=\"us_form_1_agreement_1\"\/>\r\n\t\t\t<span>J'ai lu et j'accepte le traitement des donn\u00e9es personnelles (R\u00e8glement UE 2016\/679)<\/span>\r\n\t\t<\/label>\r\n\t\t\t<\/div>\r\n\t\t<div class=\"w-form-row-state\">Vous devez accepter les conditions pour continuer<\/div>\r\n<\/div>\r\n<div class=\"w-form-row for_captcha has_label required with_icon\">\r\n\t<div class=\"w-form-row-label\">\r\n\t\t<span>Prouvez que vous \u00eates humain. R\u00e9soudre: <span>22 + 15 = ?<\/span><\/span>\r\n\t<\/div>\r\n\t<div class=\"w-form-row-field\">\r\n\t\t\t\t<input type=\"hidden\" name=\"us_form_1_captcha_1_hash\" value=\"51bef9ceee6645f9f08d9cad9c4e3741\" \/>\r\n\t\t<i class=\"far fa-question-circle\"><\/i>\t\t<input aria-label=\"Prouvez que vous \u00eates humain. R\u00e9soudre:\" type=\"text\" name=\"us_form_1_captcha_1\" placeholder data-required=\"true\" aria-required=\"true\"\/>\r\n\t\t\t<\/div>\r\n\t\t<div class=\"w-form-row-state\">Entrer le r\u00e9sultat de l'op\u00e9ration pour continuer<\/div>\r\n<\/div>\r\n<input type=\"hidden\" name=\"action\" value=\"us_ajax_cform\" \/>\r\n<input type=\"hidden\" name=\"post_id\" value=\"0\" \/>\r\n<input type=\"hidden\" name=\"form_index\" value=\"1\" \/>\r\n<div class=\"w-form-row for_submit align_none\">\r\n\t<button class=\"w-btn  us-btn-style_1\" aria-label=\"Envoyer un message\" type=\"submit\">\r\n\t\t<span class=\"g-preloader type_1\"><\/span>\r\n\t\t\t\t<span class=\"w-btn-label\">Envoyer un message<\/span>\r\n\t\t\t<\/button>\r\n\t<\/div>\r\n<\/div><div class=\"w-form-message\"><\/div><div class=\"w-form-json hidden\" onclick='return {&quot;ajaxurl&quot;:&quot;https:\\\/\\\/www.saf-allestimenti.com\\\/wp-admin\\\/admin-ajax.php&quot;,&quot;messages&quot;:{&quot;err_empty&quot;:&quot;Vous devez remplir ce champ&quot;,&quot;err_size&quot;:&quot;La taille du fichier ne peut pas d\\u00e9passer %s Mo&quot;,&quot;err_extension&quot;:&quot;Le type de fichier %s n&#039;est pas autoris\\u00e9&quot;,&quot;err_recaptcha_keys&quot;:&quot;Les cl\\u00e9s reCAPTCHA sont incorrectes&quot;}}'><\/div><\/form><\/div><\/div><\/div><\/div><\/div><\/section>\n","protected":false},"excerpt":{"rendered":"SAF ALLESTIMENTI S.R.L. info@saf-allestimenti.comHoraires de bureauLundi \/ Vendredi : 8h30 \/ 12h30 - 14h30 \/ 18h30 Samedi \/ Dimanche : ferm\u00e9 Bureaux +39 0872 717492Via Mario Spoltore, 11 \u2013 66034 \u2013 Lanciano (CH)Num\u00e9ro de TVA IT01826230698TRAVAILLER AVEC NOUSFORMULAIRE DE DEMANDE D&rsquo;INFORMATIONS Vous devez remplir ce champ Vous devez remplir ce champ Vous devez remplir ce...","protected":false},"author":1,"featured_media":0,"parent":0,"menu_order":0,"comment_status":"closed","ping_status":"closed","template":"","meta":{"iawp_total_views":21,"footnotes":""},"class_list":["post-14796","page","type-page","status-publish","hentry"],"yoast_head":"<!-- This site is optimized with the Yoast SEO plugin v25.5 - https:\/\/yoast.com\/wordpress\/plugins\/seo\/ -->\n<title>SAF Allestimenti : Solutions Cl\u00e9 en Main \u00e0 Lanciano (CH) - Italie<\/title>\n<meta name=\"description\" content=\"Visitez SAF Allestimenti \u00e0 Via Mario Spoltore, 11 \u2013 66034 \u2013 Lanciano (CH). Nous offrons des projets cl\u00e9 en main avec des solutions innovantes et personnalis\u00e9es\" \/>\n<meta name=\"robots\" content=\"index, follow, max-snippet:-1, max-image-preview:large, max-video-preview:-1\" \/>\n<link rel=\"canonical\" href=\"https:\/\/www.saf-allestimenti.com\/fr\/contacts\/\" \/>\n<meta property=\"og:locale\" content=\"fr_FR\" \/>\n<meta property=\"og:type\" content=\"article\" \/>\n<meta property=\"og:title\" content=\"SAF Allestimenti : Solutions Cl\u00e9 en Main \u00e0 Lanciano (CH) - Italie\" \/>\n<meta property=\"og:description\" content=\"Visitez SAF Allestimenti \u00e0 Via Mario Spoltore, 11 \u2013 66034 \u2013 Lanciano (CH). Nous offrons des projets cl\u00e9 en main avec des solutions innovantes et personnalis\u00e9es\" \/>\n<meta property=\"og:url\" content=\"https:\/\/www.saf-allestimenti.com\/fr\/contacts\/\" \/>\n<meta property=\"og:site_name\" content=\"Saf Allestimenti\" \/>\n<meta property=\"article:modified_time\" content=\"2024-09-21T08:29:06+00:00\" \/>\n<meta name=\"twitter:card\" content=\"summary_large_image\" \/>\n<meta name=\"twitter:label1\" content=\"Dur\u00e9e de lecture estim\u00e9e\" \/>\n\t<meta name=\"twitter:data1\" content=\"1 minute\" \/>\n<script type=\"application\/ld+json\" class=\"yoast-schema-graph\">{\"@context\":\"https:\/\/schema.org\",\"@graph\":[{\"@type\":\"WebPage\",\"@id\":\"https:\/\/www.saf-allestimenti.com\/fr\/contacts\/\",\"url\":\"https:\/\/www.saf-allestimenti.com\/fr\/contacts\/\",\"name\":\"SAF Allestimenti : Solutions Cl\u00e9 en Main \u00e0 Lanciano (CH) - Italie\",\"isPartOf\":{\"@id\":\"https:\/\/www.saf-allestimenti.com\/fr\/#website\"},\"datePublished\":\"2013-09-06T13:19:20+00:00\",\"dateModified\":\"2024-09-21T08:29:06+00:00\",\"description\":\"Visitez SAF Allestimenti \u00e0 Via Mario Spoltore, 11 \u2013 66034 \u2013 Lanciano (CH). Nous offrons des projets cl\u00e9 en main avec des solutions innovantes et personnalis\u00e9es\",\"breadcrumb\":{\"@id\":\"https:\/\/www.saf-allestimenti.com\/fr\/contacts\/#breadcrumb\"},\"inLanguage\":\"fr-FR\",\"potentialAction\":[{\"@type\":\"ReadAction\",\"target\":[\"https:\/\/www.saf-allestimenti.com\/fr\/contacts\/\"]}]},{\"@type\":\"BreadcrumbList\",\"@id\":\"https:\/\/www.saf-allestimenti.com\/fr\/contacts\/#breadcrumb\",\"itemListElement\":[{\"@type\":\"ListItem\",\"position\":1,\"name\":\"Home\",\"item\":\"https:\/\/www.saf-allestimenti.com\/fr\/\"},{\"@type\":\"ListItem\",\"position\":2,\"name\":\"Contacts\"}]},{\"@type\":\"WebSite\",\"@id\":\"https:\/\/www.saf-allestimenti.com\/fr\/#website\",\"url\":\"https:\/\/www.saf-allestimenti.com\/fr\/\",\"name\":\"Saf Allestimenti\",\"description\":\"\",\"publisher\":{\"@id\":\"https:\/\/www.saf-allestimenti.com\/fr\/#organization\"},\"potentialAction\":[{\"@type\":\"SearchAction\",\"target\":{\"@type\":\"EntryPoint\",\"urlTemplate\":\"https:\/\/www.saf-allestimenti.com\/fr\/?s={search_term_string}\"},\"query-input\":{\"@type\":\"PropertyValueSpecification\",\"valueRequired\":true,\"valueName\":\"search_term_string\"}}],\"inLanguage\":\"fr-FR\"},{\"@type\":\"Organization\",\"@id\":\"https:\/\/www.saf-allestimenti.com\/fr\/#organization\",\"name\":\"Saf Allestimenti\",\"url\":\"https:\/\/www.saf-allestimenti.com\/fr\/\",\"logo\":{\"@type\":\"ImageObject\",\"inLanguage\":\"fr-FR\",\"@id\":\"https:\/\/www.saf-allestimenti.com\/fr\/#\/schema\/logo\/image\/\",\"url\":\"https:\/\/www.saf-allestimenti.com\/wp-content\/uploads\/2024\/08\/saf-allestimenti-logo-bb.png\",\"contentUrl\":\"https:\/\/www.saf-allestimenti.com\/wp-content\/uploads\/2024\/08\/saf-allestimenti-logo-bb.png\",\"width\":2000,\"height\":1155,\"caption\":\"Saf Allestimenti\"},\"image\":{\"@id\":\"https:\/\/www.saf-allestimenti.com\/fr\/#\/schema\/logo\/image\/\"},\"sameAs\":[\"https:\/\/www.linkedin.com\/company\/saf-allestimenti\/\"]}]}<\/script>\n<!-- \/ Yoast SEO plugin. -->","yoast_head_json":{"title":"SAF Allestimenti : Solutions Cl\u00e9 en Main \u00e0 Lanciano (CH) - Italie","description":"Visitez SAF Allestimenti \u00e0 Via Mario Spoltore, 11 \u2013 66034 \u2013 Lanciano (CH). Nous offrons des projets cl\u00e9 en main avec des solutions innovantes et personnalis\u00e9es","robots":{"index":"index","follow":"follow","max-snippet":"max-snippet:-1","max-image-preview":"max-image-preview:large","max-video-preview":"max-video-preview:-1"},"canonical":"https:\/\/www.saf-allestimenti.com\/fr\/contacts\/","og_locale":"fr_FR","og_type":"article","og_title":"SAF Allestimenti : Solutions Cl\u00e9 en Main \u00e0 Lanciano (CH) - Italie","og_description":"Visitez SAF Allestimenti \u00e0 Via Mario Spoltore, 11 \u2013 66034 \u2013 Lanciano (CH). Nous offrons des projets cl\u00e9 en main avec des solutions innovantes et personnalis\u00e9es","og_url":"https:\/\/www.saf-allestimenti.com\/fr\/contacts\/","og_site_name":"Saf Allestimenti","article_modified_time":"2024-09-21T08:29:06+00:00","twitter_card":"summary_large_image","twitter_misc":{"Dur\u00e9e de lecture estim\u00e9e":"1 minute"},"schema":{"@context":"https:\/\/schema.org","@graph":[{"@type":"WebPage","@id":"https:\/\/www.saf-allestimenti.com\/fr\/contacts\/","url":"https:\/\/www.saf-allestimenti.com\/fr\/contacts\/","name":"SAF Allestimenti : Solutions Cl\u00e9 en Main \u00e0 Lanciano (CH) - Italie","isPartOf":{"@id":"https:\/\/www.saf-allestimenti.com\/fr\/#website"},"datePublished":"2013-09-06T13:19:20+00:00","dateModified":"2024-09-21T08:29:06+00:00","description":"Visitez SAF Allestimenti \u00e0 Via Mario Spoltore, 11 \u2013 66034 \u2013 Lanciano (CH). Nous offrons des projets cl\u00e9 en main avec des solutions innovantes et personnalis\u00e9es","breadcrumb":{"@id":"https:\/\/www.saf-allestimenti.com\/fr\/contacts\/#breadcrumb"},"inLanguage":"fr-FR","potentialAction":[{"@type":"ReadAction","target":["https:\/\/www.saf-allestimenti.com\/fr\/contacts\/"]}]},{"@type":"BreadcrumbList","@id":"https:\/\/www.saf-allestimenti.com\/fr\/contacts\/#breadcrumb","itemListElement":[{"@type":"ListItem","position":1,"name":"Home","item":"https:\/\/www.saf-allestimenti.com\/fr\/"},{"@type":"ListItem","position":2,"name":"Contacts"}]},{"@type":"WebSite","@id":"https:\/\/www.saf-allestimenti.com\/fr\/#website","url":"https:\/\/www.saf-allestimenti.com\/fr\/","name":"Saf Allestimenti","description":"","publisher":{"@id":"https:\/\/www.saf-allestimenti.com\/fr\/#organization"},"potentialAction":[{"@type":"SearchAction","target":{"@type":"EntryPoint","urlTemplate":"https:\/\/www.saf-allestimenti.com\/fr\/?s={search_term_string}"},"query-input":{"@type":"PropertyValueSpecification","valueRequired":true,"valueName":"search_term_string"}}],"inLanguage":"fr-FR"},{"@type":"Organization","@id":"https:\/\/www.saf-allestimenti.com\/fr\/#organization","name":"Saf Allestimenti","url":"https:\/\/www.saf-allestimenti.com\/fr\/","logo":{"@type":"ImageObject","inLanguage":"fr-FR","@id":"https:\/\/www.saf-allestimenti.com\/fr\/#\/schema\/logo\/image\/","url":"https:\/\/www.saf-allestimenti.com\/wp-content\/uploads\/2024\/08\/saf-allestimenti-logo-bb.png","contentUrl":"https:\/\/www.saf-allestimenti.com\/wp-content\/uploads\/2024\/08\/saf-allestimenti-logo-bb.png","width":2000,"height":1155,"caption":"Saf Allestimenti"},"image":{"@id":"https:\/\/www.saf-allestimenti.com\/fr\/#\/schema\/logo\/image\/"},"sameAs":["https:\/\/www.linkedin.com\/company\/saf-allestimenti\/"]}]}},"_links":{"self":[{"href":"https:\/\/www.saf-allestimenti.com\/fr\/wp-json\/wp\/v2\/pages\/14796","targetHints":{"allow":["GET"]}}],"collection":[{"href":"https:\/\/www.saf-allestimenti.com\/fr\/wp-json\/wp\/v2\/pages"}],"about":[{"href":"https:\/\/www.saf-allestimenti.com\/fr\/wp-json\/wp\/v2\/types\/page"}],"author":[{"embeddable":true,"href":"https:\/\/www.saf-allestimenti.com\/fr\/wp-json\/wp\/v2\/users\/1"}],"replies":[{"embeddable":true,"href":"https:\/\/www.saf-allestimenti.com\/fr\/wp-json\/wp\/v2\/comments?post=14796"}],"version-history":[{"count":5,"href":"https:\/\/www.saf-allestimenti.com\/fr\/wp-json\/wp\/v2\/pages\/14796\/revisions"}],"predecessor-version":[{"id":15332,"href":"https:\/\/www.saf-allestimenti.com\/fr\/wp-json\/wp\/v2\/pages\/14796\/revisions\/15332"}],"wp:attachment":[{"href":"https:\/\/www.saf-allestimenti.com\/fr\/wp-json\/wp\/v2\/media?parent=14796"}],"curies":[{"name":"wp","href":"https:\/\/api.w.org\/{rel}","templated":true}]}}