{"id":14726,"date":"2023-05-24T16:41:05","date_gmt":"2023-05-24T14:41:05","guid":{"rendered":"https:\/\/www.saf-allestimenti.com\/saf-nel-mondo\/"},"modified":"2024-10-10T09:42:15","modified_gmt":"2024-10-10T07:42:15","slug":"saf-dans-le-monde","status":"publish","type":"page","link":"https:\/\/www.saf-allestimenti.com\/fr\/saf-dans-le-monde\/","title":{"rendered":"SAF dans le monde"},"content":{"rendered":"<section class=\"l-section wpb_row height_small\"><div class=\"l-section-overlay\" style=\"background:#000000\"><\/div><div class=\"l-section-h i-cf\"><div class=\"g-cols vc_row via_flex valign_top type_default stacking_default\"><div class=\"vc_col-sm-6 wpb_column vc_column_container\"><div class=\"vc_column-inner us_custom_14c3d9a0 us_animate_this\"><div class=\"wpb_wrapper\"><div class=\"w-separator us_custom_81a92080 size_small with_line width_default thick_1 style_solid color_text align_center\"><div class=\"w-separator-h\"><\/div><\/div><div class=\"w-separator size_custom\" style=\"height:10px\"><\/div><div class=\"w-hwrapper valign_baseline align_none\" style=\"--hwrapper-gap:1rem\"><div class=\"wpb_text_column us_custom_1164d22a has_text_color\"><div class=\"wpb_wrapper\"><p>Saf dans le<\/p>\n<\/div><\/div><\/div><div class=\"w-separator size_custom\" style=\"height:30px\"><\/div><div class=\"w-hwrapper valign_baseline align_none\" style=\"--hwrapper-gap:1rem\"><div class=\"wpb_text_column us_custom_b97d8cd9 has_text_color\"><div class=\"wpb_wrapper\"><p>monde<\/p>\n<\/div><\/div><\/div><\/div><\/div><\/div><div class=\"vc_col-sm-6 wpb_column vc_column_container\"><div class=\"vc_column-inner us_custom_c265128b us_animate_this\"><div class=\"wpb_wrapper\"><div class=\"w-separator size_custom\" style=\"height:25px\"><\/div><div class=\"wpb_text_column us_custom_a5c88937\"><div class=\"wpb_wrapper\"><p>Notre pr\u00e9sence internationale assure une couverture mondiale, ce qui nous permet de r\u00e9aliser des projets cl\u00e9s en main sur mesure.<\/p>\n<\/div><\/div><\/div><\/div><\/div><\/div><\/div><\/section><section class=\"l-section wpb_row us_custom_16171b16 us_animate_this height_auto width_custom\" style=\"--site-content-width:1500px;\"><div class=\"l-section-h i-cf\"><div class=\"g-cols vc_row via_flex valign_top type_default stacking_default\"><div class=\"vc_col-sm-12 wpb_column vc_column_container\"><div class=\"vc_column-inner us_custom_2fb981ac us_animate_this\"><div class=\"wpb_wrapper\"><div class=\"w-separator size_medium\"><\/div><div class=\"w-image align_none\"><div class=\"w-image-h\"><img decoding=\"async\" width=\"3000\" height=\"1880\" src=\"https:\/\/www.saf-allestimenti.com\/wp-content\/uploads\/2024\/10\/saf-allestimenti-mappa-2.png\" class=\"attachment-full size-full\" alt=\"\" loading=\"lazy\" srcset=\"https:\/\/www.saf-allestimenti.com\/wp-content\/uploads\/2024\/10\/saf-allestimenti-mappa-2.png 3000w, https:\/\/www.saf-allestimenti.com\/wp-content\/uploads\/2024\/10\/saf-allestimenti-mappa-2-300x188.png 300w, https:\/\/www.saf-allestimenti.com\/wp-content\/uploads\/2024\/10\/saf-allestimenti-mappa-2-1024x642.png 1024w, https:\/\/www.saf-allestimenti.com\/wp-content\/uploads\/2024\/10\/saf-allestimenti-mappa-2-1536x963.png 1536w\" sizes=\"auto, (max-width: 3000px) 100vw, 3000px\" \/><\/div><\/div><\/div><\/div><\/div><\/div><\/div><\/section><section class=\"l-section wpb_row height_custom with_img with_shape\"><div class=\"l-section-img\" role=\"img\" data-img-width=\"1920\" data-img-height=\"1080\" style=\"background-image: url(https:\/\/www.saf-allestimenti.com\/wp-content\/uploads\/2023\/12\/Saf-allestimenti-nel-mondo-2.jpg);background-repeat: no-repeat;\"><\/div><div class=\"l-section-overlay\" style=\"background:rgba(26,26,26,0.29)\"><\/div><div class=\"l-section-shape type_triangle-inv pos_top\" style=\"height:20vmin;color:#000000\"><svg xmlns=\"http:\/\/www.w3.org\/2000\/svg\" viewBox=\"0 0 64 8\" preserveAspectRatio=\"none\" width=\"100%\" height=\"100%\">\r\n\t<path fill=\"currentColor\" d=\"M64 9 L0 9 L0 7.9 L32 0 L64 7.9 Z\"\/>\r\n<\/svg><\/div><div class=\"l-section-shape type_triangle-inv pos_bottom\" style=\"height:20vmin;color:#000000\"><svg xmlns=\"http:\/\/www.w3.org\/2000\/svg\" viewBox=\"0 0 64 8\" preserveAspectRatio=\"none\" width=\"100%\" height=\"100%\">\r\n\t<path fill=\"currentColor\" d=\"M64 9 L0 9 L0 7.9 L32 0 L64 7.9 Z\"\/>\r\n<\/svg><\/div><div class=\"l-section-h i-cf\"><div class=\"g-cols vc_row via_flex valign_top type_default stacking_default\"><div class=\"vc_col-sm-12 wpb_column vc_column_container\"><div class=\"vc_column-inner\"><div class=\"wpb_wrapper\"><div class=\"w-separator size_huge\"><\/div><div class=\"w-separator size_huge\"><\/div><div class=\"w-separator size_huge\"><\/div><div class=\"w-separator size_huge\"><\/div><div class=\"w-separator size_huge\"><\/div><div class=\"w-separator size_huge\"><\/div><div class=\"w-separator size_huge\"><\/div><div class=\"w-separator size_huge\"><\/div><div class=\"w-separator size_huge\"><\/div><\/div><\/div><\/div><\/div><\/div><\/section><section class=\"l-section wpb_row us_custom_516b08f5 us_animate_this height_small width_custom color_footer-bottom with_shape\" style=\"--site-content-width:1000px;\"><div class=\"l-section-shape type_custom pos_top\" style=\"height:50%;\"><svg xmlns=\"http:\/\/www.w3.org\/2000\/svg\" viewBox=\"0 0 64 8\" preserveAspectRatio=\"none\" width=\"100%\" height=\"100%\">\r\n\t<path fill=\"currentColor\" d=\"M64 8 L0 8 L0 0 L64 0 Z\"\/>\r\n<\/svg><\/div><div class=\"l-section-h i-cf\"><div class=\"g-cols vc_row via_flex valign_top type_default stacking_default\"><div class=\"vc_col-sm-12 wpb_column vc_column_container\"><div class=\"vc_column-inner us_custom_9cf479d2\"><div class=\"wpb_wrapper\"><div class=\"g-cols wpb_row us_custom_4f2ec6c9 has_text_color via_flex valign_middle type_default stacking_default\"><div class=\"vc_col-sm-8 wpb_column vc_column_container\"><div class=\"vc_column-inner\"><div class=\"wpb_wrapper\"><div class=\"wpb_text_column us_custom_b0e34c63 has_text_color\"><div class=\"wpb_wrapper\"><p>Vous d\u00e9sirez en savoir plus sur la mani\u00e8re dont nous pouvons soutenir votre prochain projet?<\/p>\n<\/div><\/div><div class=\"w-separator size_custom\" style=\"height:10px\"><\/div><div class=\"wpb_text_column us_custom_be3cf11c has_text_color\"><div class=\"wpb_wrapper\"><p>Contactez-nous pour plus d&rsquo;informations.<\/p>\n<\/div><\/div><\/div><\/div><\/div><div class=\"vc_col-sm-4 wpb_column vc_column_container\"><div class=\"vc_column-inner us_custom_e28183d5\"><div class=\"wpb_wrapper\"><div class=\"w-btn-wrapper default_align_right laptops_align_right tablets_align_left mobiles_align_center\"><a class=\"w-btn us-btn-style_25 us_custom_e56cb568\" href=\"\/fr\/contacts\/\"><span class=\"w-btn-label\">Contactez-nous!<\/span><\/a><\/div><\/div><\/div><\/div><\/div><\/div><\/div><\/div><\/div><\/div><\/section>\n","protected":false},"excerpt":{"rendered":"Saf dans le monde Notre pr\u00e9sence internationale assure une couverture mondiale, ce qui nous permet de r\u00e9aliser des projets cl\u00e9s en main sur mesure. Vous d\u00e9sirez en savoir plus sur la mani\u00e8re dont nous pouvons soutenir votre prochain projet? Contactez-nous pour plus d&rsquo;informations. Contactez-nous!","protected":false},"author":1,"featured_media":0,"parent":0,"menu_order":0,"comment_status":"closed","ping_status":"closed","template":"","meta":{"iawp_total_views":19,"footnotes":""},"class_list":["post-14726","page","type-page","status-publish","hentry"],"yoast_head":"<!-- This site is optimized with the Yoast SEO plugin v25.5 - https:\/\/yoast.com\/wordpress\/plugins\/seo\/ -->\n<title>SAF Allestimenti : Solutions Cl\u00e9 en Main avec Couverture Globale<\/title>\n<meta name=\"description\" content=\"SAF Allestimenti propose des projets personnalis\u00e9s cl\u00e9 en main avec une couverture mondiale, garantissant des solutions innovantes et conformes aux normes internationales\" \/>\n<meta name=\"robots\" content=\"index, follow, max-snippet:-1, max-image-preview:large, max-video-preview:-1\" \/>\n<link rel=\"canonical\" href=\"https:\/\/www.saf-allestimenti.com\/fr\/saf-dans-le-monde\/\" \/>\n<meta property=\"og:locale\" content=\"fr_FR\" \/>\n<meta property=\"og:type\" content=\"article\" \/>\n<meta property=\"og:title\" content=\"SAF Allestimenti : Solutions Cl\u00e9 en Main avec Couverture Globale\" \/>\n<meta property=\"og:description\" content=\"SAF Allestimenti propose des projets personnalis\u00e9s cl\u00e9 en main avec une couverture mondiale, garantissant des solutions innovantes et conformes aux normes internationales\" \/>\n<meta property=\"og:url\" content=\"https:\/\/www.saf-allestimenti.com\/fr\/saf-dans-le-monde\/\" \/>\n<meta property=\"og:site_name\" content=\"Saf Allestimenti\" \/>\n<meta property=\"article:modified_time\" content=\"2024-10-10T07:42:15+00:00\" \/>\n<meta name=\"twitter:card\" content=\"summary_large_image\" \/>\n<meta name=\"twitter:label1\" content=\"Dur\u00e9e de lecture estim\u00e9e\" \/>\n\t<meta name=\"twitter:data1\" content=\"2 minutes\" \/>\n<script type=\"application\/ld+json\" class=\"yoast-schema-graph\">{\"@context\":\"https:\/\/schema.org\",\"@graph\":[{\"@type\":\"WebPage\",\"@id\":\"https:\/\/www.saf-allestimenti.com\/fr\/saf-dans-le-monde\/\",\"url\":\"https:\/\/www.saf-allestimenti.com\/fr\/saf-dans-le-monde\/\",\"name\":\"SAF Allestimenti : Solutions Cl\u00e9 en Main avec Couverture Globale\",\"isPartOf\":{\"@id\":\"https:\/\/www.saf-allestimenti.com\/fr\/#website\"},\"datePublished\":\"2023-05-24T14:41:05+00:00\",\"dateModified\":\"2024-10-10T07:42:15+00:00\",\"description\":\"SAF Allestimenti propose des projets personnalis\u00e9s cl\u00e9 en main avec une couverture mondiale, garantissant des solutions innovantes et conformes aux normes internationales\",\"breadcrumb\":{\"@id\":\"https:\/\/www.saf-allestimenti.com\/fr\/saf-dans-le-monde\/#breadcrumb\"},\"inLanguage\":\"fr-FR\",\"potentialAction\":[{\"@type\":\"ReadAction\",\"target\":[\"https:\/\/www.saf-allestimenti.com\/fr\/saf-dans-le-monde\/\"]}]},{\"@type\":\"BreadcrumbList\",\"@id\":\"https:\/\/www.saf-allestimenti.com\/fr\/saf-dans-le-monde\/#breadcrumb\",\"itemListElement\":[{\"@type\":\"ListItem\",\"position\":1,\"name\":\"Home\",\"item\":\"https:\/\/www.saf-allestimenti.com\/fr\/\"},{\"@type\":\"ListItem\",\"position\":2,\"name\":\"SAF dans le monde\"}]},{\"@type\":\"WebSite\",\"@id\":\"https:\/\/www.saf-allestimenti.com\/fr\/#website\",\"url\":\"https:\/\/www.saf-allestimenti.com\/fr\/\",\"name\":\"Saf Allestimenti\",\"description\":\"\",\"publisher\":{\"@id\":\"https:\/\/www.saf-allestimenti.com\/fr\/#organization\"},\"potentialAction\":[{\"@type\":\"SearchAction\",\"target\":{\"@type\":\"EntryPoint\",\"urlTemplate\":\"https:\/\/www.saf-allestimenti.com\/fr\/?s={search_term_string}\"},\"query-input\":{\"@type\":\"PropertyValueSpecification\",\"valueRequired\":true,\"valueName\":\"search_term_string\"}}],\"inLanguage\":\"fr-FR\"},{\"@type\":\"Organization\",\"@id\":\"https:\/\/www.saf-allestimenti.com\/fr\/#organization\",\"name\":\"Saf Allestimenti\",\"url\":\"https:\/\/www.saf-allestimenti.com\/fr\/\",\"logo\":{\"@type\":\"ImageObject\",\"inLanguage\":\"fr-FR\",\"@id\":\"https:\/\/www.saf-allestimenti.com\/fr\/#\/schema\/logo\/image\/\",\"url\":\"https:\/\/www.saf-allestimenti.com\/wp-content\/uploads\/2024\/08\/saf-allestimenti-logo-bb.png\",\"contentUrl\":\"https:\/\/www.saf-allestimenti.com\/wp-content\/uploads\/2024\/08\/saf-allestimenti-logo-bb.png\",\"width\":2000,\"height\":1155,\"caption\":\"Saf Allestimenti\"},\"image\":{\"@id\":\"https:\/\/www.saf-allestimenti.com\/fr\/#\/schema\/logo\/image\/\"},\"sameAs\":[\"https:\/\/www.linkedin.com\/company\/saf-allestimenti\/\"]}]}<\/script>\n<!-- \/ Yoast SEO plugin. -->","yoast_head_json":{"title":"SAF Allestimenti : Solutions Cl\u00e9 en Main avec Couverture Globale","description":"SAF Allestimenti propose des projets personnalis\u00e9s cl\u00e9 en main avec une couverture mondiale, garantissant des solutions innovantes et conformes aux normes internationales","robots":{"index":"index","follow":"follow","max-snippet":"max-snippet:-1","max-image-preview":"max-image-preview:large","max-video-preview":"max-video-preview:-1"},"canonical":"https:\/\/www.saf-allestimenti.com\/fr\/saf-dans-le-monde\/","og_locale":"fr_FR","og_type":"article","og_title":"SAF Allestimenti : Solutions Cl\u00e9 en Main avec Couverture Globale","og_description":"SAF Allestimenti propose des projets personnalis\u00e9s cl\u00e9 en main avec une couverture mondiale, garantissant des solutions innovantes et conformes aux normes internationales","og_url":"https:\/\/www.saf-allestimenti.com\/fr\/saf-dans-le-monde\/","og_site_name":"Saf Allestimenti","article_modified_time":"2024-10-10T07:42:15+00:00","twitter_card":"summary_large_image","twitter_misc":{"Dur\u00e9e de lecture estim\u00e9e":"2 minutes"},"schema":{"@context":"https:\/\/schema.org","@graph":[{"@type":"WebPage","@id":"https:\/\/www.saf-allestimenti.com\/fr\/saf-dans-le-monde\/","url":"https:\/\/www.saf-allestimenti.com\/fr\/saf-dans-le-monde\/","name":"SAF Allestimenti : Solutions Cl\u00e9 en Main avec Couverture Globale","isPartOf":{"@id":"https:\/\/www.saf-allestimenti.com\/fr\/#website"},"datePublished":"2023-05-24T14:41:05+00:00","dateModified":"2024-10-10T07:42:15+00:00","description":"SAF Allestimenti propose des projets personnalis\u00e9s cl\u00e9 en main avec une couverture mondiale, garantissant des solutions innovantes et conformes aux normes internationales","breadcrumb":{"@id":"https:\/\/www.saf-allestimenti.com\/fr\/saf-dans-le-monde\/#breadcrumb"},"inLanguage":"fr-FR","potentialAction":[{"@type":"ReadAction","target":["https:\/\/www.saf-allestimenti.com\/fr\/saf-dans-le-monde\/"]}]},{"@type":"BreadcrumbList","@id":"https:\/\/www.saf-allestimenti.com\/fr\/saf-dans-le-monde\/#breadcrumb","itemListElement":[{"@type":"ListItem","position":1,"name":"Home","item":"https:\/\/www.saf-allestimenti.com\/fr\/"},{"@type":"ListItem","position":2,"name":"SAF dans le monde"}]},{"@type":"WebSite","@id":"https:\/\/www.saf-allestimenti.com\/fr\/#website","url":"https:\/\/www.saf-allestimenti.com\/fr\/","name":"Saf Allestimenti","description":"","publisher":{"@id":"https:\/\/www.saf-allestimenti.com\/fr\/#organization"},"potentialAction":[{"@type":"SearchAction","target":{"@type":"EntryPoint","urlTemplate":"https:\/\/www.saf-allestimenti.com\/fr\/?s={search_term_string}"},"query-input":{"@type":"PropertyValueSpecification","valueRequired":true,"valueName":"search_term_string"}}],"inLanguage":"fr-FR"},{"@type":"Organization","@id":"https:\/\/www.saf-allestimenti.com\/fr\/#organization","name":"Saf Allestimenti","url":"https:\/\/www.saf-allestimenti.com\/fr\/","logo":{"@type":"ImageObject","inLanguage":"fr-FR","@id":"https:\/\/www.saf-allestimenti.com\/fr\/#\/schema\/logo\/image\/","url":"https:\/\/www.saf-allestimenti.com\/wp-content\/uploads\/2024\/08\/saf-allestimenti-logo-bb.png","contentUrl":"https:\/\/www.saf-allestimenti.com\/wp-content\/uploads\/2024\/08\/saf-allestimenti-logo-bb.png","width":2000,"height":1155,"caption":"Saf Allestimenti"},"image":{"@id":"https:\/\/www.saf-allestimenti.com\/fr\/#\/schema\/logo\/image\/"},"sameAs":["https:\/\/www.linkedin.com\/company\/saf-allestimenti\/"]}]}},"_links":{"self":[{"href":"https:\/\/www.saf-allestimenti.com\/fr\/wp-json\/wp\/v2\/pages\/14726","targetHints":{"allow":["GET"]}}],"collection":[{"href":"https:\/\/www.saf-allestimenti.com\/fr\/wp-json\/wp\/v2\/pages"}],"about":[{"href":"https:\/\/www.saf-allestimenti.com\/fr\/wp-json\/wp\/v2\/types\/page"}],"author":[{"embeddable":true,"href":"https:\/\/www.saf-allestimenti.com\/fr\/wp-json\/wp\/v2\/users\/1"}],"replies":[{"embeddable":true,"href":"https:\/\/www.saf-allestimenti.com\/fr\/wp-json\/wp\/v2\/comments?post=14726"}],"version-history":[{"count":7,"href":"https:\/\/www.saf-allestimenti.com\/fr\/wp-json\/wp\/v2\/pages\/14726\/revisions"}],"predecessor-version":[{"id":15356,"href":"https:\/\/www.saf-allestimenti.com\/fr\/wp-json\/wp\/v2\/pages\/14726\/revisions\/15356"}],"wp:attachment":[{"href":"https:\/\/www.saf-allestimenti.com\/fr\/wp-json\/wp\/v2\/media?parent=14726"}],"curies":[{"name":"wp","href":"https:\/\/api.w.org\/{rel}","templated":true}]}}