{"id":14174,"date":"2019-05-10T14:40:15","date_gmt":"2019-05-10T12:40:15","guid":{"rendered":"https:\/\/www.saf-allestimenti.com\/home\/"},"modified":"2024-09-25T09:07:21","modified_gmt":"2024-09-25T07:07:21","slug":"home","status":"publish","type":"page","link":"https:\/\/www.saf-allestimenti.com\/fr\/","title":{"rendered":"Home"},"content":{"rendered":"<section class=\"l-section wpb_row us_custom_406b5f0d us_animate_this hide_on_mobiles height_auto width_full color_primary\"><div class=\"l-section-h i-cf\"><div class=\"g-cols vc_row via_flex valign_top type_default stacking_default\"><div class=\"vc_col-sm-12 wpb_column vc_column_container\"><div class=\"vc_column-inner\"><div class=\"wpb_wrapper\"><script>console.log(\"VIDEO HOME FR: Please register the Slider Revolution plugin to use premium templates.\")<\/script>\n<\/div><\/div><\/div><\/div><\/div><\/section><section class=\"l-section wpb_row us_custom_406b5f0d us_animate_this hide_on_default hide_on_laptops hide_on_tablets height_auto width_full color_primary\"><div class=\"l-section-h i-cf\"><div class=\"g-cols vc_row via_flex valign_top type_default stacking_default\"><div class=\"vc_col-sm-12 wpb_column vc_column_container\"><div class=\"vc_column-inner\"><div class=\"wpb_wrapper\"><div class=\"w-separator size_custom\" style=\"height:80px\"><\/div><div class=\"w-video align_none ratio_16x9\"><div class=\"w-video-h\"><video  preload=\"metadata\" playsinline controls autoplay><source type=\"video\/mp4\" src=\"https:\/\/www.saf-allestimenti.com\/wp-content\/uploads\/2024\/09\/Video-Intro_FR.mp4\" \/><\/video><\/div><\/div><\/div><\/div><\/div><\/div><\/div><\/section><section class=\"l-section wpb_row height_medium\"><div class=\"l-section-overlay\" style=\"background:#000000\"><\/div><div class=\"l-section-h i-cf\"><div class=\"g-cols vc_row via_flex valign_top type_default stacking_default\"><div class=\"vc_col-sm-6 wpb_column vc_column_container\"><div class=\"vc_column-inner us_custom_14c3d9a0 us_animate_this\"><div class=\"wpb_wrapper\"><div class=\"w-separator us_custom_81a92080 size_small with_line width_default thick_1 style_solid color_text align_center\"><div class=\"w-separator-h\"><\/div><\/div><div class=\"w-separator size_custom\" style=\"height:10px\"><\/div><div class=\"w-hwrapper valign_baseline align_none\" style=\"--hwrapper-gap:1rem\"><div class=\"wpb_text_column us_custom_31042beb has_text_color\"><div class=\"wpb_wrapper\"><p>le<\/p>\n<\/div><\/div><div class=\"wpb_text_column us_custom_57af799e has_text_color\"><div class=\"wpb_wrapper\"><p>partner<\/p>\n<\/div><\/div><\/div><div class=\"w-separator size_custom\" style=\"height:25px\"><\/div><div class=\"w-hwrapper valign_baseline align_none\" style=\"--hwrapper-gap:1rem\"><div class=\"wpb_text_column us_custom_ce960cdc has_text_color\"><div class=\"wpb_wrapper\"><p>id\u00e9al<\/p>\n<\/div><\/div><div class=\"wpb_text_column us_custom_506499c8 has_text_color\"><div class=\"wpb_wrapper\"><p>pour<\/p>\n<\/div><\/div><\/div><div class=\"w-separator size_custom\" style=\"height:25px\"><\/div><div class=\"w-hwrapper valign_baseline align_none\" style=\"--hwrapper-gap:1rem\"><div class=\"wpb_text_column us_custom_1eb073ce has_text_color\"><div class=\"wpb_wrapper\"><p>votre projet<\/p>\n<\/div><\/div><\/div><\/div><\/div><\/div><div class=\"vc_col-sm-6 wpb_column vc_column_container\"><div class=\"vc_column-inner us_custom_c265128b us_animate_this\"><div class=\"wpb_wrapper\"><div class=\"w-separator size_custom\" style=\"height:25px\"><\/div><div class=\"wpb_text_column us_custom_a5c88937\"><div class=\"wpb_wrapper\"><p>Depuis des ann\u00e9es, SAF Allestimenti s&rsquo;est construit une solide r\u00e9putation bas\u00e9e sur des r\u00e9sultats constants et mesurables. Ce succ\u00e8s est t\u00e9moign\u00e9 par la fid\u00e9lit\u00e9 de nos clients, qui, chaque ann\u00e9e, sollicitent notre qualit\u00e9 et notre exp\u00e9rience.<\/p>\n<p>Avec une approche globale de la gestion de projet \u00e0 360 degr\u00e9s, SAF Allestimenti prend en charge toutes les \u00e9tapes de votre projet, de la conception \u00e0 l&rsquo;ex\u00e9cution. Notre \u00e9quipe de concepteurs cr\u00e9atifs utilise des technologies de pointe et des mat\u00e9riaux innovants et de haute qualit\u00e9 pour s&rsquo;assurer que chaque projet est r\u00e9alis\u00e9 selon les normes les plus \u00e9lev\u00e9es. Nous nous engageons \u00e0 fournir des r\u00e9sultats exceptionnels, dans le respect des d\u00e9lais et du budget, afin de garantir votre satisfaction.<\/p>\n<p>Dot\u00e9e d&rsquo;une vaste exp\u00e9rience au niveau international et d&rsquo;une \u00e9quipe de professionnels d\u00e9vou\u00e9s, SAF Allestimenti est sp\u00e9cialis\u00e9e dans diff\u00e9rents secteurs:<\/p>\n<\/div><\/div><div class=\"w-separator size_medium\"><\/div><div class=\"w-hwrapper valign_baseline align_none\" style=\"--hwrapper-gap:0.9rem\"><div class=\"wpb_text_column us_custom_394e3920 has_text_color\"><div class=\"wpb_wrapper\"><p>\u2022 la cr\u00e9ation d&rsquo;installations temporaires personnalis\u00e9es<\/p>\n<\/div><\/div><div class=\"wpb_text_column us_custom_553e659c has_text_color\"><div class=\"wpb_wrapper\"><p>pour les foires commerciales, les congr\u00e8s et les mus\u00e9es;<\/p>\n<\/div><\/div><\/div><div class=\"w-separator size_custom\" style=\"height:25px\"><\/div><div class=\"w-hwrapper valign_baseline align_none\" style=\"--hwrapper-gap:0.9rem\"><div class=\"wpb_text_column us_custom_b08673c6 has_text_color\"><div class=\"wpb_wrapper\"><p>\u2022 les Installations permanentes<\/p>\n<\/div><\/div><div class=\"wpb_text_column us_custom_553e659c has_text_color\"><div class=\"wpb_wrapper\"><p>pour les secteurs r\u00e9sidentiel, commercial, industriel et militaire;<\/p>\n<\/div><\/div><\/div><div class=\"w-separator size_custom\" style=\"height:25px\"><\/div><div class=\"w-hwrapper valign_baseline align_none\" style=\"--hwrapper-gap:1rem\"><div class=\"wpb_text_column us_custom_b08673c6 has_text_color\"><div class=\"wpb_wrapper\"><p>\u2022 les Services sp\u00e9cialis\u00e9s de fourniture et de maintenance<\/p>\n<\/div><\/div><div class=\"wpb_text_column us_custom_553e659c has_text_color\"><div class=\"wpb_wrapper\"><p>dans les domaines a\u00e9rospatial et militaire.<\/p>\n<\/div><\/div><\/div><div class=\"w-separator size_large\"><\/div><div class=\"wpb_text_column us_custom_31436459 has_text_color hide_on_default hide_on_laptops hide_on_tablets hide_on_mobiles\"><div class=\"wpb_wrapper\"><p>&#8211; <strong>ALLESTIMENTI TEMPORANEI PERSONALIZZATI<\/strong> per \ufb01ere, congressi e musei;<\/p>\n<p>&#8211; <strong>ALLESTIMENTI PERMANENTI<\/strong> in campo residenziale, commerciale, industriale e militare;<\/p>\n<p>&#8211; <strong>SERVIZI DI FORNITURE E MANUTENZIONI SPECIALIZZATE<\/strong> in campo aerospaziale e militare.<\/p>\n<\/div><\/div><\/div><\/div><\/div><\/div><\/div><\/section><section class=\"l-section wpb_row us_custom_c6c1055b us_animate_this height_auto with_video\"><div id=\"us_bg_video_l48e\" class=\"l-section-video\"><script id=\"us_bg_video_l48e-script\">!function(w){var node = document.getElementById( 'us_bg_video_l48e' );if ( w.innerWidth <= 1024 ) { node.remove() }}(window);<\/script><style>@media(max-width:1024px){#us_bg_video_l48e{display:none!important}}<\/style><video  autoplay loop muted playsinline preload=\"auto\"><source type=\"video\/mp4\" src=\"https:\/\/www.saf-allestimenti.com\/wp-content\/uploads\/2023\/12\/200116_Lens-effect_colour_4k_016.mov\" \/><\/video><\/div><div class=\"l-section-h i-cf\"><div class=\"g-cols vc_row via_flex valign_top type_default stacking_default\"><div class=\"vc_col-sm-12 wpb_column vc_column_container\"><div class=\"vc_column-inner\"><div class=\"wpb_wrapper\"><div class=\"w-separator size_custom\" style=\"height:6px\"><\/div><\/div><\/div><\/div><\/div><\/div><\/section><section class=\"l-section wpb_row height_medium\"><div class=\"l-section-overlay\" style=\"background:#000000\"><\/div><div class=\"l-section-h i-cf\"><div class=\"g-cols vc_row via_flex valign_top type_default stacking_default\"><div class=\"vc_col-sm-6 wpb_column vc_column_container\"><div class=\"vc_column-inner us_custom_f5ad1d0d us_animate_this\"><div class=\"wpb_wrapper\"><div class=\"w-separator us_custom_81a92080 size_small with_line width_default thick_1 style_solid color_text align_center\"><div class=\"w-separator-h\"><\/div><\/div><div class=\"w-separator size_custom\" style=\"height:10px\"><\/div><div class=\"w-hwrapper valign_baseline align_none\" style=\"--hwrapper-gap:1rem\"><div class=\"wpb_text_column us_custom_506499c8 has_text_color\"><div class=\"wpb_wrapper\"><p>Service<\/p>\n<\/div><\/div><\/div><div class=\"w-separator size_custom\" style=\"height:25px\"><\/div><div class=\"w-hwrapper valign_baseline align_none\" style=\"--hwrapper-gap:1rem\"><div class=\"wpb_text_column us_custom_ce960cdc has_text_color\"><div class=\"wpb_wrapper\"><p>cl\u00e9 en<\/p>\n<\/div><\/div><\/div><div class=\"w-separator size_custom\" style=\"height:25px\"><\/div><div class=\"w-hwrapper valign_baseline align_none\" style=\"--hwrapper-gap:1rem\"><div class=\"wpb_text_column us_custom_ce960cdc has_text_color\"><div class=\"wpb_wrapper\"><p>main<\/p>\n<\/div><\/div><\/div><\/div><\/div><\/div><div class=\"vc_col-sm-6 wpb_column vc_column_container\"><div class=\"vc_column-inner us_custom_424540ee us_animate_this\"><div class=\"wpb_wrapper\"><div class=\"w-separator size_custom\" style=\"height:25px\"><\/div><div class=\"w-vwrapper align_none valign_top\"><div class=\"w-hwrapper us_custom_2c22e8f1 us_animate_this valign_middle align_none\" style=\"--hwrapper-gap:0.8rem\"><div class=\"wpb_text_column us_custom_f6bac13e has_text_color\"><div class=\"wpb_wrapper\"><p>CONCEPTION ET ING\u00c9NIERIE<\/p>\n<\/div><\/div><\/div><div class=\"w-separator size_custom\" style=\"height:20px\"><\/div><div class=\"w-hwrapper us_custom_16f962be us_animate_this valign_middle align_none\" style=\"--hwrapper-gap:0.8rem\"><div class=\"wpb_text_column us_custom_f6bac13e has_text_color\"><div class=\"wpb_wrapper\"><p>REALISATION<\/p>\n<\/div><\/div><\/div><div class=\"w-separator size_custom\" style=\"height:20px\"><\/div><div class=\"w-hwrapper us_custom_0f55eda5 us_animate_this valign_middle align_none\" style=\"--hwrapper-gap:0.8rem\"><div class=\"wpb_text_column us_custom_f6bac13e has_text_color\"><div class=\"wpb_wrapper\"><p>LOGISTIQUE<\/p>\n<\/div><\/div><\/div><div class=\"w-separator size_custom\" style=\"height:20px\"><\/div><div class=\"w-hwrapper us_custom_e6eacc6a us_animate_this valign_middle align_none\" style=\"--hwrapper-gap:0.8rem\"><div class=\"wpb_text_column us_custom_f6bac13e has_text_color\"><div class=\"wpb_wrapper\"><p>STOCKAGE<\/p>\n<\/div><\/div><\/div><div class=\"w-separator size_custom\" style=\"height:20px\"><\/div><div class=\"w-hwrapper us_custom_ff464371 us_animate_this valign_middle align_none\" style=\"--hwrapper-gap:0.8rem\"><div class=\"wpb_text_column us_custom_f6bac13e has_text_color\"><div class=\"wpb_wrapper\"><p>ASSISTANCE ET<br \/>\nMAINTENANCE<\/p>\n<\/div><\/div><\/div><\/div><\/div><\/div><\/div><\/div><\/div><\/section><section class=\"l-section wpb_row us_custom_516b08f5 us_animate_this height_small width_custom color_footer-bottom with_shape\" style=\"--site-content-width:1000px;\"><div class=\"l-section-shape type_custom pos_top\" style=\"height:50%;\"><svg xmlns=\"http:\/\/www.w3.org\/2000\/svg\" viewBox=\"0 0 64 8\" preserveAspectRatio=\"none\" width=\"100%\" height=\"100%\">\r\n\t<path fill=\"currentColor\" d=\"M64 8 L0 8 L0 0 L64 0 Z\"\/>\r\n<\/svg><\/div><div class=\"l-section-h i-cf\"><div class=\"g-cols vc_row via_flex valign_top type_default stacking_default\"><div class=\"vc_col-sm-12 wpb_column vc_column_container\"><div class=\"vc_column-inner us_custom_9cf479d2\"><div class=\"wpb_wrapper\"><div class=\"g-cols wpb_row us_custom_4f2ec6c9 has_text_color via_flex valign_middle type_default stacking_default\"><div class=\"vc_col-sm-8 wpb_column vc_column_container\"><div class=\"vc_column-inner\"><div class=\"wpb_wrapper\"><div class=\"wpb_text_column us_custom_b0e34c63 has_text_color\"><div class=\"wpb_wrapper\"><p>Vous d\u00e9sirez en savoir plus sur la mani\u00e8re dont nous pouvons soutenir votre prochain projet?<\/p>\n<\/div><\/div><div class=\"w-separator size_custom\" style=\"height:10px\"><\/div><div class=\"wpb_text_column us_custom_be3cf11c has_text_color\"><div class=\"wpb_wrapper\"><p>Contactez-nous pour plus d&rsquo;informations.<\/p>\n<\/div><\/div><\/div><\/div><\/div><div class=\"vc_col-sm-4 wpb_column vc_column_container\"><div class=\"vc_column-inner us_custom_e28183d5\"><div class=\"wpb_wrapper\"><div class=\"w-btn-wrapper default_align_right laptops_align_right tablets_align_left mobiles_align_center\"><a class=\"w-btn us-btn-style_25 us_custom_e56cb568\" href=\"\/fr\/contacts\/\"><span class=\"w-btn-label\">Contactez-nous!<\/span><\/a><\/div><\/div><\/div><\/div><\/div><\/div><\/div><\/div><\/div><\/div><\/section>\n","protected":false},"excerpt":{"rendered":"le partner id\u00e9al pour votre projet Depuis des ann\u00e9es, SAF Allestimenti s&rsquo;est construit une solide r\u00e9putation bas\u00e9e sur des r\u00e9sultats constants et mesurables. Ce succ\u00e8s est t\u00e9moign\u00e9 par la fid\u00e9lit\u00e9 de nos clients, qui, chaque ann\u00e9e, sollicitent notre qualit\u00e9 et notre exp\u00e9rience. Avec une approche globale de la gestion de projet \u00e0 360 degr\u00e9s, SAF...","protected":false},"author":1,"featured_media":0,"parent":0,"menu_order":0,"comment_status":"closed","ping_status":"closed","template":"","meta":{"iawp_total_views":52,"footnotes":""},"class_list":["post-14174","page","type-page","status-publish","hentry"],"yoast_head":"<!-- This site is optimized with the Yoast SEO plugin v25.5 - https:\/\/yoast.com\/wordpress\/plugins\/seo\/ -->\n<title>Saf Allestimenti - Am\u00e9nagements personnalis\u00e9s et innovants<\/title>\n<meta name=\"description\" content=\"D\u00e9couvrez les am\u00e9nagements de SAF : foires, mus\u00e9es, r\u00e9sidentiel, commercial et militaire. Qualit\u00e9 garantie avec des solutions innovantes et sur mesure. Nous sommes \u00e0 Lanciano (Ch) - Italie\" \/>\n<meta name=\"robots\" content=\"index, follow, max-snippet:-1, max-image-preview:large, max-video-preview:-1\" \/>\n<link rel=\"canonical\" href=\"https:\/\/www.saf-allestimenti.com\/fr\/\" \/>\n<meta property=\"og:locale\" content=\"fr_FR\" \/>\n<meta property=\"og:type\" content=\"article\" \/>\n<meta property=\"og:title\" content=\"Saf Allestimenti - Am\u00e9nagements personnalis\u00e9s et innovants\" \/>\n<meta property=\"og:description\" content=\"D\u00e9couvrez les am\u00e9nagements de SAF : foires, mus\u00e9es, r\u00e9sidentiel, commercial et militaire. Qualit\u00e9 garantie avec des solutions innovantes et sur mesure. Nous sommes \u00e0 Lanciano (Ch) - Italie\" \/>\n<meta property=\"og:url\" content=\"https:\/\/www.saf-allestimenti.com\/fr\/\" \/>\n<meta property=\"og:site_name\" content=\"Saf Allestimenti\" \/>\n<meta property=\"article:modified_time\" content=\"2024-09-25T07:07:21+00:00\" \/>\n<meta name=\"twitter:card\" content=\"summary_large_image\" \/>\n<meta name=\"twitter:label1\" content=\"Dur\u00e9e de lecture estim\u00e9e\" \/>\n\t<meta name=\"twitter:data1\" content=\"3 minutes\" \/>\n<script type=\"application\/ld+json\" class=\"yoast-schema-graph\">{\"@context\":\"https:\/\/schema.org\",\"@graph\":[{\"@type\":\"WebPage\",\"@id\":\"https:\/\/www.saf-allestimenti.com\/fr\/\",\"url\":\"https:\/\/www.saf-allestimenti.com\/fr\/\",\"name\":\"Saf Allestimenti - Am\u00e9nagements personnalis\u00e9s et innovants\",\"isPartOf\":{\"@id\":\"https:\/\/www.saf-allestimenti.com\/fr\/#website\"},\"datePublished\":\"2019-05-10T12:40:15+00:00\",\"dateModified\":\"2024-09-25T07:07:21+00:00\",\"description\":\"D\u00e9couvrez les am\u00e9nagements de SAF : foires, mus\u00e9es, r\u00e9sidentiel, commercial et militaire. Qualit\u00e9 garantie avec des solutions innovantes et sur mesure. Nous sommes \u00e0 Lanciano (Ch) - Italie\",\"breadcrumb\":{\"@id\":\"https:\/\/www.saf-allestimenti.com\/fr\/#breadcrumb\"},\"inLanguage\":\"fr-FR\",\"potentialAction\":[{\"@type\":\"ReadAction\",\"target\":[\"https:\/\/www.saf-allestimenti.com\/fr\/\"]}]},{\"@type\":\"BreadcrumbList\",\"@id\":\"https:\/\/www.saf-allestimenti.com\/fr\/#breadcrumb\",\"itemListElement\":[{\"@type\":\"ListItem\",\"position\":1,\"name\":\"Home\",\"item\":\"https:\/\/www.saf-allestimenti.com\/fr\/\"},{\"@type\":\"ListItem\",\"position\":2,\"name\":\"Home\"}]},{\"@type\":\"WebSite\",\"@id\":\"https:\/\/www.saf-allestimenti.com\/fr\/#website\",\"url\":\"https:\/\/www.saf-allestimenti.com\/fr\/\",\"name\":\"Saf Allestimenti\",\"description\":\"\",\"publisher\":{\"@id\":\"https:\/\/www.saf-allestimenti.com\/fr\/#organization\"},\"potentialAction\":[{\"@type\":\"SearchAction\",\"target\":{\"@type\":\"EntryPoint\",\"urlTemplate\":\"https:\/\/www.saf-allestimenti.com\/fr\/?s={search_term_string}\"},\"query-input\":{\"@type\":\"PropertyValueSpecification\",\"valueRequired\":true,\"valueName\":\"search_term_string\"}}],\"inLanguage\":\"fr-FR\"},{\"@type\":\"Organization\",\"@id\":\"https:\/\/www.saf-allestimenti.com\/fr\/#organization\",\"name\":\"Saf Allestimenti\",\"url\":\"https:\/\/www.saf-allestimenti.com\/fr\/\",\"logo\":{\"@type\":\"ImageObject\",\"inLanguage\":\"fr-FR\",\"@id\":\"https:\/\/www.saf-allestimenti.com\/fr\/#\/schema\/logo\/image\/\",\"url\":\"https:\/\/www.saf-allestimenti.com\/wp-content\/uploads\/2024\/08\/saf-allestimenti-logo-bb.png\",\"contentUrl\":\"https:\/\/www.saf-allestimenti.com\/wp-content\/uploads\/2024\/08\/saf-allestimenti-logo-bb.png\",\"width\":2000,\"height\":1155,\"caption\":\"Saf Allestimenti\"},\"image\":{\"@id\":\"https:\/\/www.saf-allestimenti.com\/fr\/#\/schema\/logo\/image\/\"},\"sameAs\":[\"https:\/\/www.linkedin.com\/company\/saf-allestimenti\/\"]}]}<\/script>\n<!-- \/ Yoast SEO plugin. -->","yoast_head_json":{"title":"Saf Allestimenti - Am\u00e9nagements personnalis\u00e9s et innovants","description":"D\u00e9couvrez les am\u00e9nagements de SAF : foires, mus\u00e9es, r\u00e9sidentiel, commercial et militaire. Qualit\u00e9 garantie avec des solutions innovantes et sur mesure. Nous sommes \u00e0 Lanciano (Ch) - Italie","robots":{"index":"index","follow":"follow","max-snippet":"max-snippet:-1","max-image-preview":"max-image-preview:large","max-video-preview":"max-video-preview:-1"},"canonical":"https:\/\/www.saf-allestimenti.com\/fr\/","og_locale":"fr_FR","og_type":"article","og_title":"Saf Allestimenti - Am\u00e9nagements personnalis\u00e9s et innovants","og_description":"D\u00e9couvrez les am\u00e9nagements de SAF : foires, mus\u00e9es, r\u00e9sidentiel, commercial et militaire. Qualit\u00e9 garantie avec des solutions innovantes et sur mesure. Nous sommes \u00e0 Lanciano (Ch) - Italie","og_url":"https:\/\/www.saf-allestimenti.com\/fr\/","og_site_name":"Saf Allestimenti","article_modified_time":"2024-09-25T07:07:21+00:00","twitter_card":"summary_large_image","twitter_misc":{"Dur\u00e9e de lecture estim\u00e9e":"3 minutes"},"schema":{"@context":"https:\/\/schema.org","@graph":[{"@type":"WebPage","@id":"https:\/\/www.saf-allestimenti.com\/fr\/","url":"https:\/\/www.saf-allestimenti.com\/fr\/","name":"Saf Allestimenti - Am\u00e9nagements personnalis\u00e9s et innovants","isPartOf":{"@id":"https:\/\/www.saf-allestimenti.com\/fr\/#website"},"datePublished":"2019-05-10T12:40:15+00:00","dateModified":"2024-09-25T07:07:21+00:00","description":"D\u00e9couvrez les am\u00e9nagements de SAF : foires, mus\u00e9es, r\u00e9sidentiel, commercial et militaire. Qualit\u00e9 garantie avec des solutions innovantes et sur mesure. Nous sommes \u00e0 Lanciano (Ch) - Italie","breadcrumb":{"@id":"https:\/\/www.saf-allestimenti.com\/fr\/#breadcrumb"},"inLanguage":"fr-FR","potentialAction":[{"@type":"ReadAction","target":["https:\/\/www.saf-allestimenti.com\/fr\/"]}]},{"@type":"BreadcrumbList","@id":"https:\/\/www.saf-allestimenti.com\/fr\/#breadcrumb","itemListElement":[{"@type":"ListItem","position":1,"name":"Home","item":"https:\/\/www.saf-allestimenti.com\/fr\/"},{"@type":"ListItem","position":2,"name":"Home"}]},{"@type":"WebSite","@id":"https:\/\/www.saf-allestimenti.com\/fr\/#website","url":"https:\/\/www.saf-allestimenti.com\/fr\/","name":"Saf Allestimenti","description":"","publisher":{"@id":"https:\/\/www.saf-allestimenti.com\/fr\/#organization"},"potentialAction":[{"@type":"SearchAction","target":{"@type":"EntryPoint","urlTemplate":"https:\/\/www.saf-allestimenti.com\/fr\/?s={search_term_string}"},"query-input":{"@type":"PropertyValueSpecification","valueRequired":true,"valueName":"search_term_string"}}],"inLanguage":"fr-FR"},{"@type":"Organization","@id":"https:\/\/www.saf-allestimenti.com\/fr\/#organization","name":"Saf Allestimenti","url":"https:\/\/www.saf-allestimenti.com\/fr\/","logo":{"@type":"ImageObject","inLanguage":"fr-FR","@id":"https:\/\/www.saf-allestimenti.com\/fr\/#\/schema\/logo\/image\/","url":"https:\/\/www.saf-allestimenti.com\/wp-content\/uploads\/2024\/08\/saf-allestimenti-logo-bb.png","contentUrl":"https:\/\/www.saf-allestimenti.com\/wp-content\/uploads\/2024\/08\/saf-allestimenti-logo-bb.png","width":2000,"height":1155,"caption":"Saf Allestimenti"},"image":{"@id":"https:\/\/www.saf-allestimenti.com\/fr\/#\/schema\/logo\/image\/"},"sameAs":["https:\/\/www.linkedin.com\/company\/saf-allestimenti\/"]}]}},"_links":{"self":[{"href":"https:\/\/www.saf-allestimenti.com\/fr\/wp-json\/wp\/v2\/pages\/14174","targetHints":{"allow":["GET"]}}],"collection":[{"href":"https:\/\/www.saf-allestimenti.com\/fr\/wp-json\/wp\/v2\/pages"}],"about":[{"href":"https:\/\/www.saf-allestimenti.com\/fr\/wp-json\/wp\/v2\/types\/page"}],"author":[{"embeddable":true,"href":"https:\/\/www.saf-allestimenti.com\/fr\/wp-json\/wp\/v2\/users\/1"}],"replies":[{"embeddable":true,"href":"https:\/\/www.saf-allestimenti.com\/fr\/wp-json\/wp\/v2\/comments?post=14174"}],"version-history":[{"count":10,"href":"https:\/\/www.saf-allestimenti.com\/fr\/wp-json\/wp\/v2\/pages\/14174\/revisions"}],"predecessor-version":[{"id":15349,"href":"https:\/\/www.saf-allestimenti.com\/fr\/wp-json\/wp\/v2\/pages\/14174\/revisions\/15349"}],"wp:attachment":[{"href":"https:\/\/www.saf-allestimenti.com\/fr\/wp-json\/wp\/v2\/media?parent=14174"}],"curies":[{"name":"wp","href":"https:\/\/api.w.org\/{rel}","templated":true}]}}